{"id":31,"date":"2022-07-26T20:05:31","date_gmt":"2022-07-26T20:05:31","guid":{"rendered":"https:\/\/www.beespaces.de\/?page_id=31"},"modified":"2025-10-19T09:23:26","modified_gmt":"2025-10-19T09:23:26","slug":"beespaces-imkerei-buechl","status":"publish","type":"page","link":"https:\/\/www.beespaces.de\/","title":{"rendered":"Imkerei B\u00fcchl &#8211; BEESPACES"},"content":{"rendered":"\n<div class=\"wp-block-media-text alignwide has-media-on-the-right is-stacked-on-mobile is-vertically-aligned-center has-custom-farbe-1-background-color has-background\" style=\"grid-template-columns:auto 15%\"><div class=\"wp-block-media-text__content\">\n<div class=\"wp-block-group is-layout-flow wp-block-group-is-layout-flow\" style=\"padding-top:2em;padding-right:2em;padding-bottom:2em;padding-left:2em\">\n<p style=\"font-size:clamp(17.905px, 1.119rem + ((1vw - 3.2px) * 1.052), 28px);line-height:1.2\">Honig von Bienen ohne Stress und Druck f\u00fcr den Bien<\/p>\n\n\n\n<div class=\"wp-block-columns is-layout-flex wp-container-core-columns-is-layout-28f84493 wp-block-columns-is-layout-flex\">\n<div class=\"wp-block-column is-layout-flow wp-block-column-is-layout-flow\">\n<p class=\"has-text-align-left has--font-size\"><strong>35781 Weilburg \/ Kubach im sch\u00f6nen  Mittelhessen<\/strong><\/p>\n<\/div>\n<\/div>\n\n\n\n<p class=\"has-medium-font-size\">Wir betreiben unsere Imkerei als Hobby, nicht kommerziell. Der Spa\u00df und die Freude an dem gesamten Ganzen eines Bienenvolkes, die Faszination der Bauk\u00fcnste, unerm\u00fcdliche  Arbeit und Einigkeit des Organismus, das alles treibt uns an unsere Bienen mit dem Respekt zu behandeln den sie verdienen. Wir m\u00f6chten nicht Profit orientiert imkern. Die Einnahmen aus der Abgabe des Honigs, decken +- die laufenden Kosten<\/p>\n\n\n\n<p class=\"has-extra-small-font-size\"><\/p>\n<\/div>\n<\/div><figure class=\"wp-block-media-text__media\"><img loading=\"lazy\" decoding=\"async\" width=\"473\" height=\"1024\" src=\"https:\/\/www.beespaces.de\/wp-content\/uploads\/2022\/07\/8D44BA61-5CA6-4F97-A551-2838BB0B9617-473x1024.jpeg\" alt=\"\" class=\"wp-image-58 size-large\" srcset=\"https:\/\/www.beespaces.de\/wp-content\/uploads\/2022\/07\/8D44BA61-5CA6-4F97-A551-2838BB0B9617-473x1024.jpeg 473w, https:\/\/www.beespaces.de\/wp-content\/uploads\/2022\/07\/8D44BA61-5CA6-4F97-A551-2838BB0B9617-139x300.jpeg 139w, https:\/\/www.beespaces.de\/wp-content\/uploads\/2022\/07\/8D44BA61-5CA6-4F97-A551-2838BB0B9617-768x1662.jpeg 768w, https:\/\/www.beespaces.de\/wp-content\/uploads\/2022\/07\/8D44BA61-5CA6-4F97-A551-2838BB0B9617-710x1536.jpeg 710w, https:\/\/www.beespaces.de\/wp-content\/uploads\/2022\/07\/8D44BA61-5CA6-4F97-A551-2838BB0B9617.jpeg 828w\" sizes=\"auto, (max-width: 473px) 100vw, 473px\" \/><\/figure><\/div>\n\n\n\n<div class=\"wp-block-media-text alignwide is-stacked-on-mobile is-vertically-aligned-center has-custom-farbe-1-background-color has-background\" style=\"grid-template-columns:43% auto\"><figure class=\"wp-block-media-text__media\"><img loading=\"lazy\" decoding=\"async\" width=\"1024\" height=\"683\" src=\"https:\/\/www.beespaces.de\/wp-content\/uploads\/2022\/08\/bee-367-1024x683.jpg\" alt=\"\" class=\"wp-image-65 size-full\" srcset=\"https:\/\/www.beespaces.de\/wp-content\/uploads\/2022\/08\/bee-367-1024x683.jpg 1024w, https:\/\/www.beespaces.de\/wp-content\/uploads\/2022\/08\/bee-367-300x200.jpg 300w, https:\/\/www.beespaces.de\/wp-content\/uploads\/2022\/08\/bee-367-768x512.jpg 768w, https:\/\/www.beespaces.de\/wp-content\/uploads\/2022\/08\/bee-367-1536x1025.jpg 1536w, https:\/\/www.beespaces.de\/wp-content\/uploads\/2022\/08\/bee-367.jpg 1920w\" sizes=\"auto, (max-width: 1024px) 100vw, 1024px\" \/><\/figure><div class=\"wp-block-media-text__content\">\n<div class=\"wp-block-group is-layout-flow wp-block-group-is-layout-flow\">\n<div class=\"wp-block-columns is-layout-flex wp-container-core-columns-is-layout-28f84493 wp-block-columns-is-layout-flex\">\n<div class=\"wp-block-column is-layout-flow wp-block-column-is-layout-flow\" style=\"flex-basis:100%\">\n<p style=\"font-size:clamp(17.905px, 1.119rem + ((1vw - 3.2px) * 1.052), 28px);line-height:1.2\">Unsere Bienen teilen mit uns Ihren Honig.  <\/p>\n\n\n\n<p class=\"has-medium-font-size\">Einen Teil des gesammelten Honigs bekommen unsere Bienen wieder zur\u00fcck, wir schleudern nur was n\u00f6tig ist, alles andere behalten unsere Bienen. F\u00fcr die Winter\/-Einf\u00fctterung bekommen unsere Bienen einen gro\u00dfen Teil des Fr\u00fchjahreshonig (Fr\u00fchtracht, Bl\u00fctenhonig aus dem Fr\u00fchjahr) in fl\u00fcssiger Form zur\u00fcck. Wir haben dieses Jahr sehr starke und gesunde V\u00f6lker, keine Verluste. Da sich das f\u00fcttern mit Eigenen Honig bew\u00e4hrt hat und nicht nachteilig ist werden wir weiterhin den Eigenen Honig an Unsere Bienen zur\u00fcckgeben.<\/p>\n<\/div>\n<\/div>\n<\/div>\n<\/div><\/div>\n\n\n\n<div class=\"wp-block-media-text alignwide is-stacked-on-mobile\" style=\"grid-template-columns:43% auto\"><figure class=\"wp-block-media-text__media\"><img loading=\"lazy\" decoding=\"async\" width=\"1024\" height=\"683\" src=\"https:\/\/www.beespaces.de\/wp-content\/uploads\/2022\/07\/honey-g559a6f73f_1920-1024x683.jpg\" alt=\"\" class=\"wp-image-42 size-full\" srcset=\"https:\/\/www.beespaces.de\/wp-content\/uploads\/2022\/07\/honey-g559a6f73f_1920-1024x683.jpg 1024w, https:\/\/www.beespaces.de\/wp-content\/uploads\/2022\/07\/honey-g559a6f73f_1920-300x200.jpg 300w, https:\/\/www.beespaces.de\/wp-content\/uploads\/2022\/07\/honey-g559a6f73f_1920-768x512.jpg 768w, https:\/\/www.beespaces.de\/wp-content\/uploads\/2022\/07\/honey-g559a6f73f_1920-1536x1025.jpg 1536w, https:\/\/www.beespaces.de\/wp-content\/uploads\/2022\/07\/honey-g559a6f73f_1920.jpg 1920w\" sizes=\"auto, (max-width: 1024px) 100vw, 1024px\" \/><\/figure><div class=\"wp-block-media-text__content\">\n<p style=\"font-size:clamp(17.905px, 1.119rem + ((1vw - 3.2px) * 1.052), 28px);\">fl\u00fcssig, cremig, kristallin<\/p>\n\n\n\n<p class=\"has-medium-font-size\">Unseren Honig gibt es je nach Jahreszeit fl\u00fcssig, cremig, und kristallin. Honig ist ein Naturprodukt. Frisch aus der Wabe ist er fl\u00fcssig. Danach geht er in einen kristallinen Zustand \u00fcber ein Zeichen f\u00fcr die Nat\u00fcrlichkeit des Produktes. Diese kristalline Struktur kann durch entsprechendes R\u00fchren vor dem erh\u00e4rten vorgebeugt werden indem man die Kristallstruktur vor dem Erh\u00e4rten aufbricht und so in eine cremige Konsistenz \u00fcberf\u00fchrt.<\/p>\n<\/div><\/div>\n\n\n\n<div class=\"wp-block-columns is-layout-flex wp-container-core-columns-is-layout-28f84493 wp-block-columns-is-layout-flex\">\n<div class=\"wp-block-column is-layout-flow wp-block-column-is-layout-flow\">\n<div class=\"wp-block-media-text alignwide is-stacked-on-mobile is-vertically-aligned-center\" style=\"grid-template-columns:28% auto\"><figure class=\"wp-block-media-text__media\"><img loading=\"lazy\" decoding=\"async\" width=\"268\" height=\"300\" src=\"https:\/\/www.beespaces.de\/wp-content\/uploads\/2021\/12\/bee-logo-buechl-rechts-268x300.png\" alt=\"\" class=\"wp-image-7 size-medium\" srcset=\"https:\/\/www.beespaces.de\/wp-content\/uploads\/2021\/12\/bee-logo-buechl-rechts-268x300.png 268w, https:\/\/www.beespaces.de\/wp-content\/uploads\/2021\/12\/bee-logo-buechl-rechts.png 509w\" sizes=\"auto, (max-width: 268px) 100vw, 268px\" \/><\/figure><div class=\"wp-block-media-text__content\">\n<p class=\"has-large-font-size\">Unser Angebot aus 2025<\/p>\n\n\n\n<p><\/p>\n<\/div><\/div>\n<\/div>\n<\/div>\n\n\n\n<div class=\"wp-block-columns alignwide is-layout-flex wp-container-core-columns-is-layout-28f84493 wp-block-columns-is-layout-flex\">\n<div class=\"wp-block-column is-layout-flow wp-block-column-is-layout-flow\">\n<hr class=\"wp-block-separator has-css-opacity is-style-wide\"\/>\n\n\n\n<h2 class=\"wp-block-heading has-text-align-left\" id=\"1\" style=\"font-size:var(--wp--custom--typography--font-size--gigantic, clamp(2.75rem, 6vw, 3.25rem));line-height:0.5\">1<\/h2>\n\n\n\n<h3 class=\"wp-block-heading has-text-align-left has-large-font-size\" id=\"pigeon\"><em>Fr\u00fchtracht<\/em> <\/h3>\n\n\n\n<figure class=\"wp-block-image size-large is-resized\"><img loading=\"lazy\" decoding=\"async\" width=\"1024\" height=\"1002\" src=\"https:\/\/www.beespaces.de\/wp-content\/uploads\/2022\/10\/Fruehtracht-2022--1024x1002.png\" alt=\"\" class=\"wp-image-145\" style=\"aspect-ratio:1.0190839694656488;width:203px;height:auto\" srcset=\"https:\/\/www.beespaces.de\/wp-content\/uploads\/2022\/10\/Fruehtracht-2022--1024x1002.png 1024w, https:\/\/www.beespaces.de\/wp-content\/uploads\/2022\/10\/Fruehtracht-2022--300x294.png 300w, https:\/\/www.beespaces.de\/wp-content\/uploads\/2022\/10\/Fruehtracht-2022--768x751.png 768w, https:\/\/www.beespaces.de\/wp-content\/uploads\/2022\/10\/Fruehtracht-2022-.png 1200w\" sizes=\"auto, (max-width: 1024px) 100vw, 1024px\" \/><figcaption class=\"wp-element-caption\"><strong>Bl\u00fctenhonig Fr\u00fchtracht<\/strong><\/figcaption><\/figure>\n\n\n\n<p>CREMIG, fast wei\u00df wie leckere Schokolade, viele Bl\u00fcten des Fr\u00fchlings, ein Genuss auf der Zunge<\/p>\n\n\n\n<div class=\"wp-block-buttons is-layout-flex wp-block-buttons-is-layout-flex\">\n<div class=\"wp-block-button has-custom-width wp-block-button__width-100\"><a class=\"wp-block-button__link has-foreground-background-color has-background wp-element-button\">Preis auf Anfrage<\/a><\/div>\n<\/div>\n\n\n\n<div style=\"height:16px\" aria-hidden=\"true\" class=\"wp-block-spacer\"><\/div>\n<\/div>\n\n\n\n<div class=\"wp-block-column is-layout-flow wp-block-column-is-layout-flow\">\n<hr class=\"wp-block-separator has-css-opacity is-style-wide\"\/>\n\n\n\n<h2 class=\"wp-block-heading has-text-align-left\" id=\"2\" style=\"font-size:clamp(2.75rem, 6vw, 3.25rem);line-height:0.5\">2<\/h2>\n\n\n\n<h3 class=\"wp-block-heading has-text-align-left has-large-font-size\" id=\"sparrow\"><meta charset=\"utf-8\"><em>Sommertracht <\/em><\/h3>\n\n\n\n<figure class=\"wp-block-image size-large is-resized\"><img loading=\"lazy\" decoding=\"async\" width=\"1024\" height=\"846\" src=\"https:\/\/www.beespaces.de\/wp-content\/uploads\/2022\/10\/Sommertracht-2022-1024x846.png\" alt=\"\" class=\"wp-image-146\" style=\"width:241px;height:auto\" srcset=\"https:\/\/www.beespaces.de\/wp-content\/uploads\/2022\/10\/Sommertracht-2022-1024x846.png 1024w, https:\/\/www.beespaces.de\/wp-content\/uploads\/2022\/10\/Sommertracht-2022-300x248.png 300w, https:\/\/www.beespaces.de\/wp-content\/uploads\/2022\/10\/Sommertracht-2022-768x634.png 768w, https:\/\/www.beespaces.de\/wp-content\/uploads\/2022\/10\/Sommertracht-2022.png 1200w\" sizes=\"auto, (max-width: 1024px) 100vw, 1024px\" \/><figcaption class=\"wp-element-caption\"><strong>Bl\u00fctenhonig Sommertracht<\/strong><\/figcaption><\/figure>\n\n\n\n<p>Fl\u00fcssig, und in einer Bernsteinfarbe, S\u00fc\u00df und geschmacklich wie der Sommer.                   <\/p>\n\n\n\n<div class=\"wp-block-buttons is-layout-flex wp-block-buttons-is-layout-flex\">\n<div class=\"wp-block-button has-custom-width wp-block-button__width-100\"><a class=\"wp-block-button__link has-foreground-background-color has-background wp-element-button\">Preis auf Anfrage<\/a><\/div>\n<\/div>\n\n\n\n<div style=\"height:16px\" aria-hidden=\"true\" class=\"wp-block-spacer\"><\/div>\n<\/div>\n\n\n\n<div class=\"wp-block-column is-layout-flow wp-block-column-is-layout-flow\">\n<hr class=\"wp-block-separator has-css-opacity is-style-wide\"\/>\n\n\n\n<h2 class=\"wp-block-heading has-text-align-left\" id=\"3\" style=\"font-size:clamp(2.75rem, 6vw, 3.25rem);line-height:0.5\">3<\/h2>\n\n\n\n<h3 class=\"wp-block-heading has-text-align-left has-large-font-size\" id=\"falcon\"><em>Jahreshonig <\/em><\/h3>\n\n\n\n<figure class=\"wp-block-image size-large is-resized\"><img loading=\"lazy\" decoding=\"async\" width=\"1024\" height=\"848\" src=\"https:\/\/www.beespaces.de\/wp-content\/uploads\/2022\/10\/Frueh-Sommer-2022-1024x848.png\" alt=\"\" class=\"wp-image-144\" style=\"width:239px;height:auto\" srcset=\"https:\/\/www.beespaces.de\/wp-content\/uploads\/2022\/10\/Frueh-Sommer-2022-1024x848.png 1024w, https:\/\/www.beespaces.de\/wp-content\/uploads\/2022\/10\/Frueh-Sommer-2022-300x249.png 300w, https:\/\/www.beespaces.de\/wp-content\/uploads\/2022\/10\/Frueh-Sommer-2022-768x636.png 768w, https:\/\/www.beespaces.de\/wp-content\/uploads\/2022\/10\/Frueh-Sommer-2022.png 1200w\" sizes=\"auto, (max-width: 1024px) 100vw, 1024px\" \/><figcaption class=\"wp-element-caption\"><strong>Bl\u00fctenhonig<\/strong> Jahreshonig<\/figcaption><\/figure>\n\n\n\n<p>Cremiger Bl\u00fctenhonig aus dem aktuellen Jahr mit dem Geschmack der Bl\u00fcten des Jahres <\/p>\n\n\n\n<div class=\"wp-block-buttons is-layout-flex wp-block-buttons-is-layout-flex\">\n<div class=\"wp-block-button has-custom-width wp-block-button__width-100\"><a class=\"wp-block-button__link has-foreground-background-color has-background wp-element-button\">Preis auf Anfrage<\/a><\/div>\n<\/div>\n\n\n\n<div style=\"height:16px\" aria-hidden=\"true\" class=\"wp-block-spacer\"><\/div>\n<\/div>\n<\/div>\n\n\n\n<pre class=\"wp-block-verse\">Unser Honig wird im neutralen Mehrwegglas abgegeben. Wir versuchen nachhaltig zu imkern, und bringen die zur\u00fcckgenommenen und von uns gereinigten Gl\u00e4ser wieder in den Kreislauf.<br><br><br>Anfragen:  Telefonisch &amp; E-Mail<br>Mobil:         \u202d+49 151 2046 9974\u202c<br>Dipl. Ing. Markus B\u00fcchl<br><br>Per Mail:     honey    @     beespaces.de<br><br><\/pre>\n\n\n\n<div class=\"wp-block-uagb-container uagb-block-21985bf8 alignfull uagb-is-root-container\"><div class=\"uagb-container-inner-blocks-wrap\">\n<div class=\"wp-block-uagb-blockquote uagb-block-321d692b uagb-blockquote__skin-border uagb-blockquote__with-tweet uagb-blockquote__tweet-style-classic uagb-blockquote__tweet-icon_text uagb-blockquote__stack-img-none\"><blockquote class=\"uagb-blockquote\"><div class=\"uagb-blockquote__content\"><strong>Ein Blick auf die winterliche Ruhe unserer Bienen nach einem teilweise recht nassen und feuchten Jahr<\/strong><br><br>Das vergangene Jahr 2025 war gepr\u00e4gt von Regen &amp; Sonnenschein und  dadurch feuchten Bedingungen, die nicht nur die Natur erneuert, sondern auch einen bedeutenden Einfluss auf das Leben der Bienen hatten. Nach Monaten emsiger Aktivit\u00e4t haben sich unsere gesch\u00e4ftigen Bienen nun in die wohlverdiente Winterpause begeben. Dieser Zeitpunkt markiert nicht nur einen \u00dcbergang in ihrem Lebenszyklus, sondern gibt uns auch die Gelegenheit, die Bedeutung der Winterperiode f\u00fcr das \u00dcberleben unserer bienenfreundlichen Insekten zu reflektieren.<br><br><strong>Wetterbedingungen: <\/strong>Das vergangene Jahr brachte reichlich Niederschlag, der die Bl\u00fctenpracht f\u00f6rderte und den Bienen eine vielf\u00e4ltige Nahrungsquelle bot. Ein feuchtes Jahr erm\u00f6glichte es den Bienen, eine F\u00fclle von Nektar und Pollen zu sammeln, was wiederum die Gesundheit ihrer V\u00f6lker st\u00e4rkte. Die Auswirkungen des Wetters auf die Bienengesundheit sind von entscheidender Bedeutung, da sie nicht nur die St\u00e4rke der Kolonien beeinflussen, sondern auch die \u00dcberwinterungsaussichten verbessern.<br><br><strong><em>Die Winterpause der Bienen<\/em><\/strong><br>Mit dem Einzug des Winters treten die Bienen in eine Phase der Ruhe ein. W\u00e4hrend sich die Temperaturen absenken und die Tage k\u00fcrzer werden, ziehen sich die Bienen in ihren Bienenstock zur\u00fcck. Diese winterliche Ruhe ist f\u00fcr ihr \u00dcberleben entscheidend, da die eifrigen Sammlerinnen nun auf ihre gesammelten Vorr\u00e4te angewiesen sind. Die Winterpause erm\u00f6glicht es den Bienen, Energie zu sparen und sich auf die kommenden Herausforderungen vorzubereiten.<br><br><strong>Im Jahr 2024 &amp; 2025 haben wir die komplette Wintereinf\u00fctterung mit Eigenen Futter (Honig aus der Fr\u00fchtracht)<\/strong> durchgef\u00fchrt, kein Zuckerwasser oder Apeinwert <br><br>Ein entscheidender Aspekt der winterlichen \u00dcberlebensstrategie der Bienen ist ihre F\u00e4higkeit, auf eigenem Futter zu \u00fcberwintern. Die im Sommer gesammelten Vorr\u00e4te, darunter Honig und Pollen, dienen als lebenswichtige Nahrung w\u00e4hrend der kargen Wintermonate. Die Winterbehandlung, die im Vorfeld durchgef\u00fchrt wurde, spielt ebenfalls eine zentrale Rolle. Durch gezielte Ma\u00dfnahmen zur Varroabek\u00e4mpfung und zur Gew\u00e4hrleistung der Gesundheit der Bienen wird die Winterpause gest\u00e4rkt.<br><br><strong><em>Insgesamt <\/em><\/strong>bietet die winterliche Ruhe unserer Bienen nach einem nassen Jahr einen Einblick in die Resilienz und Anpassungsf\u00e4higkeit dieser faszinierenden Insekten. Ihr \u00dcberleben ist eng mit den klimatischen Bedingungen und den menschlichen Bem\u00fchungen um ihre Pflege verbunden. Als Bewahrer der Natur und ihrer Vielfalt liegt es in unserer Verantwortung, die Bienen w\u00e4hrend dieser kritischen Zeit zu unterst\u00fctzen und sicherzustellen, dass sie gest\u00e4rkt und gesund aus der Winterpause hervorgehen. Denn die Zukunft unserer Bienen ist nicht nur entscheidend f\u00fcr ihre eigene Existenz, sondern auch f\u00fcr das Gleichgewicht und die Vielfalt unseres gesamten \u00d6kosystems.<br><br><br><strong>Der Zyklus im Neuem Jahr und der Start und  Vorbereitung im Jahr 202<\/strong>6<br><br><strong>Fr\u00fchjahr<\/strong><br><br>Bienen sind sehr wichtige Best\u00e4uber von Pflanzen und somit auch f\u00fcr die Landwirtschaft von gro\u00dfer Bedeutung. Sie leben in einem komplexen sozialen Gef\u00fcge innerhalb des Bienenstocks und jeder Bienenstock hat seine eigene K\u00f6nigin, die f\u00fcr die Fortpflanzung verantwortlich ist.<br>Im Fr\u00fchjahr beginnt die Entwicklung der Bienen im Bienenstock. Die Bienen, die den Winter \u00fcberlebt haben, beginnen mit dem Sammeln von Pollen und Nektar, um die K\u00f6nigin und die Brut zu ern\u00e4hren. Die K\u00f6nigin beginnt zu legen, um den Bienenstock zu vergr\u00f6\u00dfern und die Anzahl der Arbeiterbienen zu erh\u00f6hen. Die Brut ben\u00f6tigt viel W\u00e4rme, um sich zu entwickeln, und die Arbeiterbienen sorgen daf\u00fcr, dass die Temperatur im Bienenstock konstant bleibt.<br>W\u00e4hrend der Entwicklung der Bienen im Fr\u00fchjahr spielt die Rolle der Drohnen eine wichtige Rolle. Drohnen sind die m\u00e4nnlichen Bienen im Bienenstock und werden von der K\u00f6nigin nur zur Fortpflanzung ben\u00f6tigt. Sie haben keine Stacheln und sind auch nicht in der Lage, Nahrung zu sammeln. Die K\u00f6nigin legt unbefruchtete Eier, aus denen Drohnen schl\u00fcpfen. Sie leben nur wenige Wochen und sterben nach der Paarung mit einer jungen K\u00f6nigin.<br>Die K\u00f6nigin (auch Weisel genannt)<br> ist das Herzst\u00fcck des Bienenstocks und hat eine entscheidende Rolle bei der Entwicklung der Bienen im Fr\u00fchjahr. Sie ist die einzige Biene im Bienenstock, die Eier legen kann und wird von den Arbeiterbienen umsorgt. Wenn die K\u00f6nigin nicht mehr gen\u00fcgend Eier legt oder stirbt, wird eine neue K\u00f6nigin herangezogen, um den Bienenstock am Leben zu erhalten.<br>Insgesamt ist die Entwicklung der Bienen im Fr\u00fchjahr ein komplexer Prozess, der von vielen Faktoren abh\u00e4ngt. Die Zusammenarbeit der Arbeiterbienen und die Rolle der Drohnen und K\u00f6nigin sind entscheidend f\u00fcr das \u00dcberleben des Bienenstocks und die Best\u00e4ubung von Pflanzen in der Natur.<br><br><strong>Alle Unsere Bienen V\u00f6lker hatten 2025 die Winterpause gut &amp; stark \u00fcberstanden. <\/strong><br><br>Seit letztem 2023 haben wir Unsere Bienen zu 100% mit Ihrem eigenen Honig (Fr\u00fchtracht) f\u00fcr die \u00dcberwinterung eingef\u00fcttert. Erste Durchsichten in den Folgemonaten 2024 &amp; 2025 zeigten dass alle unsere Bienenv\u00f6lker den Winter sehr gut auf eigenen Futter (Honig) \u00fcberstehen. Daher behalten wir diese form der Imkerei bei, auch wenn wir damit auf einen gro\u00dfen Teil den Honigs verzichten. <br><br><em><strong>Vielleicht ist es nicht wirtschaftlich, jedoch eher im Sinne unserer &amp; aller Bienen. <\/strong><\/em><br><br><strong>Aktuell: <\/strong>Winterruhephase 2025\/2026 <br><\/div><footer><div class=\"uagb-blockquote__author-wrap uagb-blockquote__author-at-left\"><cite class=\"uagb-blockquote__author\">Beespaces <br>Markus B\u00fcchl<\/cite><\/div><a href=\"\/\" class=\"uagb-blockquote__tweet-button\" target=\"_blank\" rel=\"noopener noreferrer\"><svg width=\"20\" height=\"20\" viewBox=\"0 0 512 512\"><path d=\"M459.37 151.716c.325 4.548.325 9.097.325 13.645 0 138.72-105.583 298.558-298.558 298.558-59.452 0-114.68-17.219-161.137-47.106 8.447.974 16.568 1.299 25.34 1.299 49.055 0 94.213-16.568 130.274-44.832-46.132-.975-84.792-31.188-98.112-72.772 6.498.974 12.995 1.624 19.818 1.624 9.421 0 18.843-1.3 27.614-3.573-48.081-9.747-84.143-51.98-84.143-102.985v-1.299c13.969 7.797 30.214 12.67 47.431 13.319-28.264-18.843-46.781-51.005-46.781-87.391 0-19.492 5.197-37.36 14.294-52.954 51.655 63.675 129.3 105.258 216.365 109.807-1.624-7.797-2.599-15.918-2.599-24.04 0-57.828 46.782-104.934 104.934-104.934 30.213 0 57.502 12.67 76.67 33.137 23.715-4.548 46.456-13.32 66.599-25.34-7.798 24.366-24.366 44.833-46.132 57.827 21.117-2.273 41.584-8.122 60.426-16.243-14.292 20.791-32.161 39.308-52.628 54.253z\"><\/path><\/svg>Tweet<\/a><\/footer><\/blockquote><\/div>\n<\/div><\/div>\n","protected":false},"excerpt":{"rendered":"<p>fl\u00fcssig, cremig, kristallin Unseren Honig gibt es je nach Jahreszeit fl\u00fcssig, cremig, und kristallin. Honig ist ein Naturprodukt. Frisch aus der Wabe ist er fl\u00fcssig. Danach geht er in einen kristallinen Zustand \u00fcber ein Zeichen f\u00fcr die Nat\u00fcrlichkeit des Produktes. Diese kristalline Struktur kann durch entsprechendes R\u00fchren vor dem erh\u00e4rten vorgebeugt werden indem man die [&hellip;]<\/p>\n","protected":false},"author":2,"featured_media":301,"parent":0,"menu_order":0,"comment_status":"closed","ping_status":"closed","template":"","meta":{"_uag_custom_page_level_css":"","footnotes":""},"class_list":["post-31","page","type-page","status-publish","has-post-thumbnail","hentry"],"uagb_featured_image_src":{"full":["https:\/\/www.beespaces.de\/wp-content\/uploads\/2024\/08\/bee-345-12.png",737,300,false],"thumbnail":["https:\/\/www.beespaces.de\/wp-content\/uploads\/2024\/08\/bee-345-12-150x150.png",150,150,true],"medium":["https:\/\/www.beespaces.de\/wp-content\/uploads\/2024\/08\/bee-345-12-300x122.png",300,122,true],"medium_large":["https:\/\/www.beespaces.de\/wp-content\/uploads\/2024\/08\/bee-345-12.png",737,300,false],"large":["https:\/\/www.beespaces.de\/wp-content\/uploads\/2024\/08\/bee-345-12.png",737,300,false],"1536x1536":["https:\/\/www.beespaces.de\/wp-content\/uploads\/2024\/08\/bee-345-12.png",737,300,false],"2048x2048":["https:\/\/www.beespaces.de\/wp-content\/uploads\/2024\/08\/bee-345-12.png",737,300,false]},"uagb_author_info":{"display_name":"BEEMARK","author_link":"https:\/\/www.beespaces.de\/?author=2"},"uagb_comment_info":0,"uagb_excerpt":"fl\u00fcssig, cremig, kristallin Unseren Honig gibt es je nach Jahreszeit fl\u00fcssig, cremig, und kristallin. Honig ist ein Naturprodukt. Frisch aus der Wabe ist er fl\u00fcssig. Danach geht er in einen kristallinen Zustand \u00fcber ein Zeichen f\u00fcr die Nat\u00fcrlichkeit des Produktes. Diese kristalline Struktur kann durch entsprechendes R\u00fchren vor dem erh\u00e4rten vorgebeugt werden indem man die&hellip;","_links":{"self":[{"href":"https:\/\/www.beespaces.de\/index.php?rest_route=\/wp\/v2\/pages\/31","targetHints":{"allow":["GET"]}}],"collection":[{"href":"https:\/\/www.beespaces.de\/index.php?rest_route=\/wp\/v2\/pages"}],"about":[{"href":"https:\/\/www.beespaces.de\/index.php?rest_route=\/wp\/v2\/types\/page"}],"author":[{"embeddable":true,"href":"https:\/\/www.beespaces.de\/index.php?rest_route=\/wp\/v2\/users\/2"}],"replies":[{"embeddable":true,"href":"https:\/\/www.beespaces.de\/index.php?rest_route=%2Fwp%2Fv2%2Fcomments&post=31"}],"version-history":[{"count":94,"href":"https:\/\/www.beespaces.de\/index.php?rest_route=\/wp\/v2\/pages\/31\/revisions"}],"predecessor-version":[{"id":328,"href":"https:\/\/www.beespaces.de\/index.php?rest_route=\/wp\/v2\/pages\/31\/revisions\/328"}],"wp:featuredmedia":[{"embeddable":true,"href":"https:\/\/www.beespaces.de\/index.php?rest_route=\/wp\/v2\/media\/301"}],"wp:attachment":[{"href":"https:\/\/www.beespaces.de\/index.php?rest_route=%2Fwp%2Fv2%2Fmedia&parent=31"}],"curies":[{"name":"wp","href":"https:\/\/api.w.org\/{rel}","templated":true}]}}