{"id":25,"date":"2021-12-31T17:22:25","date_gmt":"2021-12-31T17:22:25","guid":{"rendered":"https:\/\/www.beespaces.de\/?page_id=25"},"modified":"2023-12-26T08:31:02","modified_gmt":"2023-12-26T08:31:02","slug":"impressum","status":"publish","type":"page","link":"https:\/\/www.beespaces.de\/?page_id=25","title":{"rendered":"Impressum"},"content":{"rendered":"\n<div class=\"wp-block-columns is-style-default is-layout-flex wp-container-core-columns-is-layout-28f84493 wp-block-columns-is-layout-flex\">\n<div class=\"wp-block-column is-layout-flow wp-block-column-is-layout-flow\">\n<p>Dipl. Ing.<br>Markus B\u00fcchl<\/p>\n\n\n\n<p>Hauptstr. 2d<br>35781 Weilburg<br>Tel.: +49 151 2046 9974<br><br>mail: honey @ beespaces.de<br>internet: https:\/\/www.beespaces.de<\/p>\n\n\n\n<p>Ansprechpartner: Dipl. Ing. Markus B\u00fcchl<\/p>\n\n\n\n<p><strong>Disclaimer \u2013 rechtliche Hinweise<\/strong><\/p>\n\n\n\n<ul class=\"wp-block-list\">\n<li><em><strong>Auskunfts- und Widerrufsrecht<\/strong><\/em><\/li>\n<\/ul>\n\n\n\n<p>Sie haben jederzeit das Recht, sich unentgeltlich und unverz\u00fcglich \u00fcber die zu Ihrer Person erhobenen Daten zu erkundigen. Ebenfalls k\u00f6nnen Sie Ihre Zustimmung zur Verwendung Ihrer angegebenen pers\u00f6nlichen Daten mit Wirkung f\u00fcr die Zukunft widerrufen. Hierf\u00fcr wenden Sie sich bitte an den im Impressum angegebenen Diensteanbieter.<\/p>\n\n\n\n<ul class=\"wp-block-list\">\n<li><em><strong>Datenschutz (allgemein)<\/strong><\/em><\/li>\n<\/ul>\n\n\n\n<p>Die Nutzung der Webseite ist grunds\u00e4tzlich ohne Angabe personenbezogener Daten m\u00f6glich. Soweit personenbezogene Daten (beispielsweise Name, Anschrift oder E-Mail-Adressen) erhoben werden, erfolgt dies, soweit m\u00f6glich, stets auf freiwilliger Basis. Diese Daten werden ohne Ihre ausdr\u00fcckliche Zustimmung nicht an Dritte weitergegeben.<\/p>\n\n\n\n<p>Sofern ein Vertragsverh\u00e4ltnis begr\u00fcndet, inhaltlich ausgestaltet oder ge\u00e4ndert werden soll oder Sie an uns eine Anfrage stellen, erheben und verwenden wir personenbezogene Daten von Ihnen, soweit dies zu diesem Zwecke erforderlich ist (Bestandsdaten). Wir erheben, verarbeiten und nutzen personenbezogene Daten soweit dies erforderlich ist, um Ihnen die Inanspruchnahme des Webangebots zu erm\u00f6glichen (Nutzungsdaten). S\u00e4mtliche personenbezogenen Daten werden nur solange gespeichert wie dies f\u00fcr den genannten Zweck (Bearbeitung Ihrer Anfrage oder Abwicklung eines Vertrags) erforderlich ist. Hierbei werden steuer- und handelsrechtliche Aufbewahrungsfristen von uns ber\u00fccksichtigt. Auf Anordnung der zust\u00e4ndigen Stellen m\u00fcssen wir im Einzelfall Auskunft \u00fcber diese Daten (Bestandsdaten) erteilen, soweit dies f\u00fcr Zwecke der Strafverfolgung, zur Gefahrenabwehr, zur Erf\u00fcllung der gesetzlichen Aufgaben der Verfassungsschutzbeh\u00f6rden oder des Milit\u00e4rischen Abschirmdienstes oder zur Durchsetzung der Rechte am geistigen Eigentum erforderlich ist.<\/p>\n\n\n\n<p>Wir weisen ausdr\u00fccklich darauf hin, dass die Daten\u00fcbertragung im Internet (z. B. bei der Kommunikation per E-Mail) Sicherheitsl\u00fccken aufweisen kann. Vor dem Zugriff auf Daten kann nicht l\u00fcckenlos gesch\u00fctzt werden.<\/p>\n\n\n\n<p>Die Nutzung von im Rahmen der Impressumspflicht ver\u00f6ffentlichten Kontaktdaten durch Dritte zur \u00dcbersendung von nicht ausdr\u00fccklich angeforderter Werbung und Informationsmaterialien wird hiermit ausdr\u00fccklich untersagt. Ausgenommen hiervon sind bestehende Gesch\u00e4ftsbeziehungen bzw. es liegt Ihnen eine entsprechende Einwilligung von uns vor.<\/p>\n\n\n\n<p>Die Anbieter und alle auf dieser Website genannten Dritten behalten sich ausdr\u00fccklich rechtliche Schritte im Falle der unverlangten Zusendung von Werbeinformationen vor. Gleiches gilt f\u00fcr die kommerzielle Verwendung und Weitergabe der Daten.<\/p>\n\n\n\n<ul class=\"wp-block-list\">\n<li><em><strong>Rechtliches<\/strong><\/em><\/li>\n<\/ul>\n\n\n\n<p>1. Inhalt des Webangebotes<br>Wir sind bem\u00fcht, unser Webangebot stets aktuell und inhaltlich richtig sowie vollst\u00e4ndig anzubieten. Dennoch ist das Auftreten von Fehlern nicht v\u00f6llig auszuschlie\u00dfen. Wir \u00fcbernehmen daher keinerlei Gew\u00e4hr f\u00fcr die Aktualit\u00e4t, Korrektheit, Vollst\u00e4ndigkeit oder Qualit\u00e4t der bereitgestellten Informationen. Haftungsanspr\u00fcche, welche sich auf Sch\u00e4den materieller oder ideeller Art beziehen, die durch die Nutzung oder Nichtnutzung der dargebotenen Informationen bzw. durch die Nutzung fehlerhafter und unvollst\u00e4ndiger Informationen verursacht wurden sind grunds\u00e4tzlich ausgeschlossen, es sei denn die Fehler wurden vors\u00e4tzlich oder grob fahrl\u00e4ssig aufgenommen.<br>Alle Angebote sind freibleibend und unverbindlich. Wir behalten uns ausdr\u00fccklich vor, Teile der Seiten oder das gesamte Angebot ohne gesonderte Ank\u00fcndigung zu ver\u00e4ndern, zu erg\u00e4nzen, zu l\u00f6schen oder die Ver\u00f6ffentlichung zeitweise oder endg\u00fcltig einzustellen.<\/p>\n\n\n\n<p>2. Haftung f\u00fcr Inhalte<\/p>\n\n\n\n<p>Als Diensteanbieter sind wir gem\u00e4\u00df \u00a7 7 Abs. 1 TMG f\u00fcr eigene Inhalte auf diesen Seiten nach den allgemeinen Gesetzen verantwortlich. Nach \u00a7\u00a7 8 bis 10 TMG sind wir als Diensteanbieter jedoch nicht verpflichtet, \u00fcbermittelte oder gespeicherte fremde Informationen zu \u00fcberwachen oder nach Umst\u00e4nden zu forschen, die auf eine rechtswidrige T\u00e4tigkeit hinweisen. Verpflichtungen zur Entfernung oder Sperrung der Nutzung von Informationen nach den allgemeinen Gesetzen bleiben hiervon unber\u00fchrt. Eine diesbez\u00fcgliche Haftung ist jedoch erst ab dem Zeitpunkt der Kenntnis einer konkreten Rechtsverletzung m\u00f6glich. Bei Bekanntwerden von entsprechenden Rechtsverletzungen werden wir diese Inhalte umgehend entfernen.<\/p>\n\n\n\n<p>3. Haftung f\u00fcr Links<\/p>\n\n\n\n<p>Diese Website enth\u00e4lt Links zu externen Webseiten Dritter, auf deren Inhalte kein Einfluss genommen werden kann. Deshalb kann f\u00fcr diese fremden Inhalte auch keine Gew\u00e4hr \u00fcbernommen werden. F\u00fcr die Inhalte der verlinkten Seiten ist stets der jeweilige Anbieter oder Betreiber der Seiten verantwortlich. Die verlinkten Seiten wurden zum Zeitpunkt der Verlinkung auf m\u00f6gliche Rechtsverst\u00f6\u00dfe \u00fcberpr\u00fcft. Rechtswidrige Inhalte waren zum Zeitpunkt der Verlinkung nicht erkennbar. Eine permanente inhaltliche Kontrolle der verlinkten Seiten ist jedoch ohne konkrete Anhaltspunkte einer Rechtsverletzung nicht zumutbar. Bei Bekanntwerden von Rechtsverletzungen werden derartige Links umgehend von dieser Website auf die rechtsverletzende Site entfernen.<\/p>\n\n\n\n<p>4. Urheber- und Kennzeichenrecht<br>Alle innerhalb des Internetangebotes genannten und ggf. durch Dritte gesch\u00fctzten Marken- und Warenzeichen unterliegen uneingeschr\u00e4nkt den Bestimmungen des jeweils g\u00fcltigen Kennzeichenrechts und den Besitzrechten der jeweiligen eingetragenen Eigent\u00fcmer.<br>Das Copyright f\u00fcr ver\u00f6ffentlichte, von uns selbst erstellte Objekte verbleibt allein bei uns als Autor der Seiten. Eine Vervielf\u00e4ltigung oder Verwendung solcher Grafiken, Tondokumente, Videosequenzen und Texte in anderen elektronischen oder gedruckten Publikationen ist ohne unsere ausdr\u00fcckliche Zustimmung nicht gestattet.&nbsp;Sollten Sie trotzdem auf eine Urheberrechtsverletzung aufmerksam werden, bitten wir um einen entsprechenden Hinweis. Bei Bekanntwerden von Rechtsverletzungen werden derartige Inhalte umgehend entfernen.<\/p>\n\n\n\n<p>5. Rechtswirksamkeit<br>Dieser Haftungsausschluss ist Teil unseres Internetangebotes. Sofern einzelne Formulierungen oder Teile dieses Textes der geltenden Rechtslage nicht oder nicht mehr vollst\u00e4ndig entsprechen, bleiben die \u00fcbrigen Teile dieser Erkl\u00e4rung davon unber\u00fchrt.<\/p>\n\n\n\n<p>6. \u201eGem\u00e4\u00df \u00a7 36 VSBG informieren wir dar\u00fcber, dass wir nicht bereit und nicht verpflichtet sind, an einem Streitbeilegungsverfahren vor einer Verbraucherschlichtungsstelle teilzunehmen.\u201c<\/p>\n\n\n\n<p>\u00a9 2022 B\u00dcCHL &#8211; BEESPACES.DE<\/p>\n<\/div>\n<\/div>\n","protected":false},"excerpt":{"rendered":"<p>Dipl. Ing.Markus B\u00fcchl Hauptstr. 2d35781 WeilburgTel.: +49 151 2046 9974 mail: honey @ beespaces.deinternet: https:\/\/www.beespaces.de Ansprechpartner: Dipl. Ing. Markus B\u00fcchl Disclaimer \u2013 rechtliche Hinweise Sie haben jederzeit das Recht, sich unentgeltlich und unverz\u00fcglich \u00fcber die zu Ihrer Person erhobenen Daten zu erkundigen. Ebenfalls k\u00f6nnen Sie Ihre Zustimmung zur Verwendung Ihrer angegebenen pers\u00f6nlichen Daten mit Wirkung [&hellip;]<\/p>\n","protected":false},"author":2,"featured_media":127,"parent":0,"menu_order":0,"comment_status":"closed","ping_status":"closed","template":"","meta":{"_uag_custom_page_level_css":"","footnotes":""},"class_list":["post-25","page","type-page","status-publish","has-post-thumbnail","hentry"],"uagb_featured_image_src":{"full":["https:\/\/www.beespaces.de\/wp-content\/uploads\/2022\/09\/imprint-beeimpressum_1280.jpg",1280,960,false],"thumbnail":["https:\/\/www.beespaces.de\/wp-content\/uploads\/2022\/09\/imprint-beeimpressum_1280-150x150.jpg",150,150,true],"medium":["https:\/\/www.beespaces.de\/wp-content\/uploads\/2022\/09\/imprint-beeimpressum_1280-300x225.jpg",300,225,true],"medium_large":["https:\/\/www.beespaces.de\/wp-content\/uploads\/2022\/09\/imprint-beeimpressum_1280-768x576.jpg",768,576,true],"large":["https:\/\/www.beespaces.de\/wp-content\/uploads\/2022\/09\/imprint-beeimpressum_1280-1024x768.jpg",1024,768,true],"1536x1536":["https:\/\/www.beespaces.de\/wp-content\/uploads\/2022\/09\/imprint-beeimpressum_1280.jpg",1280,960,false],"2048x2048":["https:\/\/www.beespaces.de\/wp-content\/uploads\/2022\/09\/imprint-beeimpressum_1280.jpg",1280,960,false]},"uagb_author_info":{"display_name":"BEEMARK","author_link":"https:\/\/www.beespaces.de\/?author=2"},"uagb_comment_info":0,"uagb_excerpt":"Dipl. Ing.Markus B\u00fcchl Hauptstr. 2d35781 WeilburgTel.: +49 151 2046 9974 mail: honey @ beespaces.deinternet: https:\/\/www.beespaces.de Ansprechpartner: Dipl. Ing. Markus B\u00fcchl Disclaimer \u2013 rechtliche Hinweise Sie haben jederzeit das Recht, sich unentgeltlich und unverz\u00fcglich \u00fcber die zu Ihrer Person erhobenen Daten zu erkundigen. Ebenfalls k\u00f6nnen Sie Ihre Zustimmung zur Verwendung Ihrer angegebenen pers\u00f6nlichen Daten mit Wirkung&hellip;","_links":{"self":[{"href":"https:\/\/www.beespaces.de\/index.php?rest_route=\/wp\/v2\/pages\/25","targetHints":{"allow":["GET"]}}],"collection":[{"href":"https:\/\/www.beespaces.de\/index.php?rest_route=\/wp\/v2\/pages"}],"about":[{"href":"https:\/\/www.beespaces.de\/index.php?rest_route=\/wp\/v2\/types\/page"}],"author":[{"embeddable":true,"href":"https:\/\/www.beespaces.de\/index.php?rest_route=\/wp\/v2\/users\/2"}],"replies":[{"embeddable":true,"href":"https:\/\/www.beespaces.de\/index.php?rest_route=%2Fwp%2Fv2%2Fcomments&post=25"}],"version-history":[{"count":4,"href":"https:\/\/www.beespaces.de\/index.php?rest_route=\/wp\/v2\/pages\/25\/revisions"}],"predecessor-version":[{"id":249,"href":"https:\/\/www.beespaces.de\/index.php?rest_route=\/wp\/v2\/pages\/25\/revisions\/249"}],"wp:featuredmedia":[{"embeddable":true,"href":"https:\/\/www.beespaces.de\/index.php?rest_route=\/wp\/v2\/media\/127"}],"wp:attachment":[{"href":"https:\/\/www.beespaces.de\/index.php?rest_route=%2Fwp%2Fv2%2Fmedia&parent=25"}],"curies":[{"name":"wp","href":"https:\/\/api.w.org\/{rel}","templated":true}]}}