{"id":208,"date":"2023-03-25T10:38:57","date_gmt":"2023-03-25T10:38:57","guid":{"rendered":"https:\/\/www.beespaces.de\/?page_id=208"},"modified":"2024-08-18T06:38:03","modified_gmt":"2024-08-18T06:38:03","slug":"kurze-auszuege-und-definitionen","status":"publish","type":"page","link":"https:\/\/www.beespaces.de\/?page_id=208","title":{"rendered":"Das Bienenvolk"},"content":{"rendered":"\n<figure class=\"wp-block-image size-large is-resized\"><img loading=\"lazy\" decoding=\"async\" width=\"1024\" height=\"682\" src=\"https:\/\/www.beespaces.de\/wp-content\/uploads\/2024\/08\/bees-pixl-1024x682.jpg\" alt=\"\" class=\"wp-image-304\" style=\"aspect-ratio:1.5115207373271888;width:618px;height:auto\" srcset=\"https:\/\/www.beespaces.de\/wp-content\/uploads\/2024\/08\/bees-pixl-1024x682.jpg 1024w, https:\/\/www.beespaces.de\/wp-content\/uploads\/2024\/08\/bees-pixl-300x200.jpg 300w, https:\/\/www.beespaces.de\/wp-content\/uploads\/2024\/08\/bees-pixl-768x512.jpg 768w, https:\/\/www.beespaces.de\/wp-content\/uploads\/2024\/08\/bees-pixl.jpg 1280w\" sizes=\"auto, (max-width: 1024px) 100vw, 1024px\" \/><\/figure>\n\n\n\n<p><\/p>\n\n\n\n<p><\/p>\n\n\n\n<ul class=\"wp-block-list\">\n<li><strong>K\u00f6nigin <\/strong>\n<ul class=\"wp-block-list\">\n<li>Die K\u00f6nigin Weisel (auch K\u00f6niginbegattete Weisel oder einfach K\u00f6nigin genannt) ist der weibliche Fortpflanzungsorganismus einer Honigbienenkolonie. Sie ist die einzige reproduktive Biene im Volk und legt Eier, aus denen die anderen Bienen schl\u00fcpfen. Die K\u00f6nigin ist gr\u00f6\u00dfer als die Arbeiterinnen und hat einen l\u00e4nglichen K\u00f6rper mit einem gebogenen Hinterleib. Sie wird von den Arbeiterinnen gef\u00fcttert und gepflegt und hat eine durchschnittliche Lebensdauer von etwa zwei bis f\u00fcnf Jahren. Die Begattung der K\u00f6nigin erfolgt w\u00e4hrend ihres Hochzeitsflugs mit mehreren Drohnen (m\u00e4nnlichen Bienen) und sie speichert das Sperma f\u00fcr den Rest ihres Lebens, um eine kontinuierliche Eiablage zu gew\u00e4hrleisten. Die K\u00f6nigin ist entscheidend f\u00fcr das \u00dcberleben und das Wachstum einer Bienengemeinschaft.<\/li>\n<\/ul>\n<\/li>\n\n\n\n<li><strong>Arbeiterinnen <\/strong>\n<ul class=\"wp-block-list\">\n<li>Arbeiterinnen sind weibliche Bienen, die den Gro\u00dfteil der Arbeit in der Kolonie verrichten. Sie sind klein und haben einen gekr\u00fcmmten Hinterleib. Arbeiterinnen sammeln Nektar und Pollen von Bl\u00fcten, produzieren Honig und bauen die Waben der Bienenst\u00f6cke. Sie pflegen auch die Brut und die K\u00f6nigin und verteidigen den Stock gegen Eindringlinge<\/li>\n<\/ul>\n<\/li>\n\n\n\n<li><strong>Drohnen<\/strong>\n<ul class=\"wp-block-list\">\n<li>Drohnen sind m\u00e4nnliche Bienen, die gr\u00f6\u00dfer als Arbeiterinnen sind und einen geraden Hinterleib haben. Ihre einzige Aufgabe besteht darin, sich w\u00e4hrend des Hochzeitsflugs mit einer begatteten K\u00f6nigin zu paaren und somit zur Fortpflanzung beizutragen. Drohnen haben keinen Stachel und sind nicht in der Lage, Nahrung zu sammeln oder den Stock zu verteidigen. Nach der Paarung sterben Drohnen normalerweise oder werden von den Arbeiterinnen aus dem Stock vertrieben.<\/li>\n<\/ul>\n<\/li>\n<\/ul>\n\n\n\n<p><\/p>\n\n\n\n<p><\/p>\n\n\n\n<figure class=\"wp-block-image size-large\"><img loading=\"lazy\" decoding=\"async\" width=\"1024\" height=\"682\" src=\"https:\/\/www.beespaces.de\/wp-content\/uploads\/2023\/03\/bees-instock-_1280-1024x682.jpg\" alt=\"\" class=\"wp-image-223\" srcset=\"https:\/\/www.beespaces.de\/wp-content\/uploads\/2023\/03\/bees-instock-_1280-1024x682.jpg 1024w, https:\/\/www.beespaces.de\/wp-content\/uploads\/2023\/03\/bees-instock-_1280-300x200.jpg 300w, https:\/\/www.beespaces.de\/wp-content\/uploads\/2023\/03\/bees-instock-_1280-768x512.jpg 768w, https:\/\/www.beespaces.de\/wp-content\/uploads\/2023\/03\/bees-instock-_1280.jpg 1280w\" sizes=\"auto, (max-width: 1024px) 100vw, 1024px\" \/><figcaption class=\"wp-element-caption\">Bienen in der Beute, mit Absperrgitter<\/figcaption><\/figure>\n","protected":false},"excerpt":{"rendered":"","protected":false},"author":2,"featured_media":0,"parent":0,"menu_order":0,"comment_status":"closed","ping_status":"closed","template":"","meta":{"_uag_custom_page_level_css":"","footnotes":""},"class_list":["post-208","page","type-page","status-publish","hentry"],"uagb_featured_image_src":{"full":false,"thumbnail":false,"medium":false,"medium_large":false,"large":false,"1536x1536":false,"2048x2048":false},"uagb_author_info":{"display_name":"BEEMARK","author_link":"https:\/\/www.beespaces.de\/?author=2"},"uagb_comment_info":0,"uagb_excerpt":null,"_links":{"self":[{"href":"https:\/\/www.beespaces.de\/index.php?rest_route=\/wp\/v2\/pages\/208","targetHints":{"allow":["GET"]}}],"collection":[{"href":"https:\/\/www.beespaces.de\/index.php?rest_route=\/wp\/v2\/pages"}],"about":[{"href":"https:\/\/www.beespaces.de\/index.php?rest_route=\/wp\/v2\/types\/page"}],"author":[{"embeddable":true,"href":"https:\/\/www.beespaces.de\/index.php?rest_route=\/wp\/v2\/users\/2"}],"replies":[{"embeddable":true,"href":"https:\/\/www.beespaces.de\/index.php?rest_route=%2Fwp%2Fv2%2Fcomments&post=208"}],"version-history":[{"count":5,"href":"https:\/\/www.beespaces.de\/index.php?rest_route=\/wp\/v2\/pages\/208\/revisions"}],"predecessor-version":[{"id":306,"href":"https:\/\/www.beespaces.de\/index.php?rest_route=\/wp\/v2\/pages\/208\/revisions\/306"}],"wp:attachment":[{"href":"https:\/\/www.beespaces.de\/index.php?rest_route=%2Fwp%2Fv2%2Fmedia&parent=208"}],"curies":[{"name":"wp","href":"https:\/\/api.w.org\/{rel}","templated":true}]}}